{"id":2,"date":"2018-06-11T13:01:59","date_gmt":"2018-06-11T11:01:59","guid":{"rendered":"http:\/\/www.michael-minassian.eu\/mrm-media\/?page_id=2"},"modified":"2023-10-25T16:46:25","modified_gmt":"2023-10-25T14:46:25","slug":"uebersicht","status":"publish","type":"page","link":"http:\/\/www.michael-minassian.eu\/mrm-media\/","title":{"rendered":""},"content":{"rendered":"<table style=\"font-size: 1rem;\">\n<tbody>\n<tr>\n<td>\n<ul>\n<li><span style=\"font-family: impact, sans-serif; font-size: 18pt;\">PR &amp; Kommunikation<\/span><\/li>\n<li><span style=\"font-family: impact, sans-serif; font-size: 18pt;\">Magazinkonzepte<\/span><\/li>\n<li><span style=\"font-family: impact, sans-serif; font-size: 18pt;\">Kundenjournale<br \/>\n<\/span><\/li>\n<li><span style=\"font-family: impact, sans-serif; font-size: 18pt;\">Produkt Guide<\/span><\/li>\n<li><span style=\"font-family: impact, sans-serif; font-size: 18pt;\">Eventpaper<\/span><\/li>\n<li><span style=\"font-family: impact, sans-serif; font-size: 18pt;\">Business to Business Promotion<\/span><\/li>\n<li><span style=\"font-family: impact, sans-serif; font-size: 18pt;\">Event &amp; Roadshow<\/span><\/li>\n<li><span style=\"font-family: impact, sans-serif; font-size: 18pt;\">Website-Gestaltung<\/span><\/li>\n<li><span style=\"font-family: impact, sans-serif; font-size: 18pt;\">Film &amp; Video<\/span><\/li>\n<li><span style=\"font-family: impact, sans-serif; font-size: 18pt;\">Fotoreportage<\/span><\/li>\n<\/ul>\n<\/td>\n<\/tr>\n<\/tbody>\n<\/table>\n<table>\n<tbody>\n<tr>\n<td width=\"614\">\n<p style=\"text-align: justify;\"><span style=\"font-family: tahoma, arial, helvetica, sans-serif;\"><img decoding=\"async\" loading=\"lazy\" class=\" wp-image-227 alignleft\" src=\"http:\/\/www.michael-minassian.eu\/wp-content\/uploads\/IMG_20191211_223916_677.jpg\" alt=\"\" width=\"305\" height=\"293\" \/>Die Kommunikation braucht neben einer klaren Strategie, begleitende Beratung und auch entsprechende Umsetzung: das hei\u00dft, eine imagef\u00f6rdernde Sichtbarkeit und das dazu passende Storytelling. Wie Sie wissen: <em>Nur wer in den Medien vorkommt, wird es in die K\u00f6pfe und Herzen der Menschen schaffen.<\/em><\/span><\/p>\n<p style=\"text-align: justify;\"><span style=\"font-family: tahoma, arial, helvetica, sans-serif;\">Im Rahmen unserer Kooperation mit renommierten und gut eingesessenen PR-Agenturen steht Ihnen ein hervorragendes Team zur Verf\u00fcgung, das aus ehemaligen Journalisten der besten \u00f6sterreichischen Magazine &amp; Tageszeitungen besteht <span style=\"font-size: 10pt;\">(Ressorts Wirtschaft, Politik, Kultur &amp; Lifestyle)<\/span>.<\/span><\/p>\n<p style=\"text-align: justify;\"><span style=\"font-family: tahoma, arial, helvetica, sans-serif;\">Unsere erfahrene KommunikationsspezialistInnen betreuen mit ihrer Profess-ionalit\u00e4t und Kreativit\u00e4t eine Vielzahl an \u00f6sterreichischen und internationalen Unternehmen aus unterschiedlichen Branchen.<\/span><\/p>\n<p style=\"text-align: justify;\"><span style=\"font-family: tahoma, arial, helvetica, sans-serif;\">Wo Werbung nur kurze Impulse setzt und zudem manchmal als zu teuer erscheint, ist Public Relations nachhaltiger. Gute und gezielte \u00d6ffentlichkeitsarbeit kann ma\u00dfgeblich zum Gesch\u00e4ftserfolg beitragen. Wir verstehen es, komplexe Inhalte allgemein verst\u00e4ndlich und spannend zu kommunizieren und bewahren auch in Krisen einen klaren Kopf. Das sind einige unserer St\u00e4rken. Weitere Kompetenzen sind: Mit ma\u00dfgeschneidertem Storytelling und aufgrund unseres exzellent gepflegten Netzwerks sorgen wir f\u00fcr Ver\u00f6ffentlichungen in relevanten Medien.<br \/>\n<\/span><\/p>\n<table style=\"border-collapse: collapse; width: 100%;\">\n<tbody>\n<tr>\n<td style=\"width: 100%;\"><\/td>\n<\/tr>\n<tr>\n<td style=\"width: 100%;\"><strong><span style=\"font-family: arial, helvetica, sans-serif;\">Michael Minassian<\/span><\/strong><br \/>\n<em><span style=\"font-family: arial, helvetica, sans-serif; font-size: 10pt;\">Chefredakteur &amp; Herausgeber<\/span><\/em><\/td>\n<\/tr>\n<\/tbody>\n<\/table>\n<p style=\"text-align: justify;\"><span style=\"font-family: tahoma, arial, helvetica, sans-serif;\"><br \/>\n<\/span><a href=\"https:\/\/boerse-express.com\/\" target=\"_blank\" rel=\"noopener noreferrer\"><br \/>\n<\/a><\/p>\n<\/td>\n<\/tr>\n<\/tbody>\n<\/table>\n<p>&nbsp;<\/p>\n<p style=\"text-align: left;\"><span style=\"color: #000080;\"><strong>\u00a0<\/strong><\/span><\/p>\n","protected":false},"excerpt":{"rendered":"<p>PR &amp; Kommunikation Magazinkonzepte Kundenjournale Produkt Guide Eventpaper Business to Business Promotion Event &amp; Roadshow Website-Gestaltung Film &amp; Video Fotoreportage Die Kommunikation braucht neben einer klaren Strategie, begleitende Beratung und auch entsprechende Umsetzung: das hei\u00dft, eine imagef\u00f6rdernde Sichtbarkeit und das dazu passende Storytelling. Wie Sie wissen: Nur wer in den Medien vorkommt, wird es in &hellip; <\/p>\n<p class=\"link-more\"><a href=\"http:\/\/www.michael-minassian.eu\/mrm-media\/\" class=\"more-link\"><span class=\"screen-reader-text\">\u201e\u201c<\/span> weiterlesen<\/a><\/p>\n","protected":false},"author":1,"featured_media":90,"parent":0,"menu_order":0,"comment_status":"closed","ping_status":"closed","template":"","meta":{"footnotes":""},"aioseo_notices":[],"_links":{"self":[{"href":"http:\/\/www.michael-minassian.eu\/mrm-media\/wp-json\/wp\/v2\/pages\/2"}],"collection":[{"href":"http:\/\/www.michael-minassian.eu\/mrm-media\/wp-json\/wp\/v2\/pages"}],"about":[{"href":"http:\/\/www.michael-minassian.eu\/mrm-media\/wp-json\/wp\/v2\/types\/page"}],"author":[{"embeddable":true,"href":"http:\/\/www.michael-minassian.eu\/mrm-media\/wp-json\/wp\/v2\/users\/1"}],"replies":[{"embeddable":true,"href":"http:\/\/www.michael-minassian.eu\/mrm-media\/wp-json\/wp\/v2\/comments?post=2"}],"version-history":[{"count":13,"href":"http:\/\/www.michael-minassian.eu\/mrm-media\/wp-json\/wp\/v2\/pages\/2\/revisions"}],"predecessor-version":[{"id":173,"href":"http:\/\/www.michael-minassian.eu\/mrm-media\/wp-json\/wp\/v2\/pages\/2\/revisions\/173"}],"wp:featuredmedia":[{"embeddable":true,"href":"http:\/\/www.michael-minassian.eu\/mrm-media\/wp-json\/wp\/v2\/media\/90"}],"wp:attachment":[{"href":"http:\/\/www.michael-minassian.eu\/mrm-media\/wp-json\/wp\/v2\/media?parent=2"}],"curies":[{"name":"wp","href":"https:\/\/api.w.org\/{rel}","templated":true}]}}